{"id":1948,"date":"2023-03-06T13:58:22","date_gmt":"2023-03-06T13:58:22","guid":{"rendered":"https:\/\/www.rokiskiobaseinas.lt\/?page_id=1948"},"modified":"2025-10-20T12:42:54","modified_gmt":"2025-10-20T12:42:54","slug":"plaukimo-pamokos-suaugusiems","status":"publish","type":"page","link":"https:\/\/www.rokiskiobaseinas.lt\/en\/plaukimo-pamokos-suaugusiems\/","title":{"rendered":"Adult lessons"},"content":{"rendered":"<section class=\"wpb-content-wrapper\"><div class=\"vc_row wpb_row vc_row-fluid\"><div class=\"wpb_column vc_column_container vc_col-sm-6\"><div class=\"vc_column-inner\"><div class=\"wpb_wrapper\"><h5 class=\"sc_title sc_title_regular\"><\/p>\n<h5>Adult swimming lessons<\/h5>\n<p><\/h5>\n\t<div class=\"wpb_text_column wpb_content_element\" >\n\t\t<div class=\"wpb_wrapper\">\n\t\t\t<p><img loading=\"lazy\" decoding=\"async\" class=\"size-medium wp-image-1964 alignleft\" src=\"https:\/\/www.rokiskiobaseinas.lt\/wp-content\/uploads\/2023\/03\/69915490_2325184084414089_1383872998603227136_o-300x225.jpg\" alt=\"\" width=\"300\" height=\"225\" srcset=\"https:\/\/www.rokiskiobaseinas.lt\/wp-content\/uploads\/2023\/03\/69915490_2325184084414089_1383872998603227136_o-300x225.jpg 300w, https:\/\/www.rokiskiobaseinas.lt\/wp-content\/uploads\/2023\/03\/69915490_2325184084414089_1383872998603227136_o-1024x768.jpg 1024w, https:\/\/www.rokiskiobaseinas.lt\/wp-content\/uploads\/2023\/03\/69915490_2325184084414089_1383872998603227136_o-768x576.jpg 768w, https:\/\/www.rokiskiobaseinas.lt\/wp-content\/uploads\/2023\/03\/69915490_2325184084414089_1383872998603227136_o-1536x1152.jpg 1536w, https:\/\/www.rokiskiobaseinas.lt\/wp-content\/uploads\/2023\/03\/69915490_2325184084414089_1383872998603227136_o.jpg 2048w\" sizes=\"auto, (max-width: 300px) 100vw, 300px\" \/><\/p>\n<p>This is a low-intensity swimming training for adults, during which those who cannot swim are taught to swim, and those who can - improve their swimming technique and skills. Classes are held in groups of up to 12 people, twice a week for 1 hour.<\/p>\n<p>Age: 18 years and up (it's never too late to learn).<\/p>\n<p>Price: 50 EUR\/month.<\/p>\n<p>Adult swimming lessons instructor V. Malevi\u010dius.<\/p>\n<p>Bring: one-piece swimsuit\/shorts, non-slip slippers, towel, personal hygiene products. It is also recommended to have a swimming cap and goggles.<\/p>\n<p class=\"translation-block\">Registration: sportas@rokiskiobaseinas.lt or tel.: +370 612 62 703.<\/p>\n\n\t\t<\/div>\n\t<\/div>\n<\/div><\/div><\/div><div class=\"wpb_column vc_column_container vc_col-sm-6\"><div class=\"vc_column-inner\"><div class=\"wpb_wrapper\">\n\t<div  class=\"wpb_single_image wpb_content_element vc_align_center  wpb_animate_when_almost_visible wpb_bounceInRight bounceInRight\">\n\t\t\n\t\t<figure class=\"wpb_wrapper vc_figure\">\n\t\t\t<div class=\"vc_single_image-wrapper vc_box_border  vc_box_border_grey\"><img loading=\"lazy\" decoding=\"async\" width=\"512\" height=\"408\" src=\"https:\/\/www.rokiskiobaseinas.lt\/wp-content\/uploads\/2023\/03\/istockphoto-1288882560-612x612-1-e1678095545644.jpg\" class=\"vc_single_image-img attachment-large\" alt=\"\" title=\"The handsome man in the pool feels great\" srcset=\"https:\/\/www.rokiskiobaseinas.lt\/wp-content\/uploads\/2023\/03\/istockphoto-1288882560-612x612-1-e1678095545644.jpg 512w, https:\/\/www.rokiskiobaseinas.lt\/wp-content\/uploads\/2023\/03\/istockphoto-1288882560-612x612-1-e1678095545644-300x239.jpg 300w\" sizes=\"auto, (max-width: 512px) 100vw, 512px\" \/><\/div>\n\t\t<\/figure>\n\t<\/div>\n<\/div><\/div><\/div><\/div><div class=\"vc_row wpb_row vc_row-fluid\"><div class=\"wpb_column vc_column_container vc_col-sm-6\"><div class=\"vc_column-inner\"><div class=\"wpb_wrapper\"><h5 class=\"sc_title sc_title_regular\"><\/p>\n<h5>Individual swimming training<\/h5>\n<p><\/h5>\n\t<div class=\"wpb_text_column wpb_content_element\" >\n\t\t<div class=\"wpb_wrapper\">\n\t\t\t<p><img loading=\"lazy\" decoding=\"async\" class=\"wp-image-1973 size-medium alignleft\" src=\"https:\/\/www.rokiskiobaseinas.lt\/wp-content\/uploads\/2023\/03\/IMG_1475-300x300.jpg\" alt=\"\" width=\"300\" height=\"300\" srcset=\"https:\/\/www.rokiskiobaseinas.lt\/wp-content\/uploads\/2023\/03\/IMG_1475-300x300.jpg 300w, https:\/\/www.rokiskiobaseinas.lt\/wp-content\/uploads\/2023\/03\/IMG_1475-1024x1024.jpg 1024w, https:\/\/www.rokiskiobaseinas.lt\/wp-content\/uploads\/2023\/03\/IMG_1475-150x150.jpg 150w, https:\/\/www.rokiskiobaseinas.lt\/wp-content\/uploads\/2023\/03\/IMG_1475-768x768.jpg 768w, https:\/\/www.rokiskiobaseinas.lt\/wp-content\/uploads\/2023\/03\/IMG_1475-1536x1536.jpg 1536w, https:\/\/www.rokiskiobaseinas.lt\/wp-content\/uploads\/2023\/03\/IMG_1475-2048x2048.jpg 2048w\" sizes=\"auto, (max-width: 300px) 100vw, 300px\" \/><\/p>\n<p>During individual swimming training, the swimming instructor's full attention is focused on one or two swimmers. Together with the swimming instructor, you will improve your swimming skills and overcome your fear of water. It is recommended not only for adults, but also for children who are afraid of water and want to learn to swim as quickly as possible or improve their existing swimming skills. Training duration \u2013 1 hour.<\/p>\n<p>Price: 25 Eur\/1 person, 40 Eur\/2 people.<\/p>\n<p>Bring: one-piece swimsuit\/shorts, non-slip slippers, towel, personal hygiene products. It is also recommended to have a swimming cap and goggles.<\/p>\n<p class=\"translation-block\">Individual swimming training takes place by prior arrangement: sportas@rokiskiobaseinas.lt or tel.: +370 612 62 703.<\/p>\n\n\t\t<\/div>\n\t<\/div>\n<\/div><\/div><\/div><div class=\"wpb_column vc_column_container vc_col-sm-6\"><div class=\"vc_column-inner\"><div class=\"wpb_wrapper\"><\/div><\/div><\/div><\/div>\n<\/section>","protected":false},"excerpt":{"rendered":"Suaugusi\u0173j\u0173 mokymas plaukti Tai nedidelio intensyvumo mokymas plaukti suaugusiems, kurio metu nemokantys plaukti mokomi plaukti, o mokantys - tobulina plaukimo technik\u0105 bei \u012fg\u016bd\u017eius. U\u017esi\u0117mimai vyksta iki 12 asmen\u0173 grup\u0117je, \u00a0du kartus \u012f savait\u0119 po 1 val. Am\u017eius: nuo 18 met\u0173 ir daugiau (niekada n\u0117ra per v\u0117lu mokytis). Kaina: 50 eur\/m\u0117n. Suaugusi\u0173j\u0173 plaukimo pamok\u0173 instruktorius V. [...]","protected":false},"author":990002,"featured_media":0,"parent":0,"menu_order":0,"comment_status":"closed","ping_status":"closed","template":"","meta":{"inline_featured_image":false,"footnotes":""},"class_list":["post-1948","page","type-page","status-publish","hentry"],"_links":{"self":[{"href":"https:\/\/www.rokiskiobaseinas.lt\/en\/wp-json\/wp\/v2\/pages\/1948","targetHints":{"allow":["GET"]}}],"collection":[{"href":"https:\/\/www.rokiskiobaseinas.lt\/en\/wp-json\/wp\/v2\/pages"}],"about":[{"href":"https:\/\/www.rokiskiobaseinas.lt\/en\/wp-json\/wp\/v2\/types\/page"}],"author":[{"embeddable":true,"href":"https:\/\/www.rokiskiobaseinas.lt\/en\/wp-json\/wp\/v2\/users\/990002"}],"replies":[{"embeddable":true,"href":"https:\/\/www.rokiskiobaseinas.lt\/en\/wp-json\/wp\/v2\/comments?post=1948"}],"version-history":[{"count":0,"href":"https:\/\/www.rokiskiobaseinas.lt\/en\/wp-json\/wp\/v2\/pages\/1948\/revisions"}],"wp:attachment":[{"href":"https:\/\/www.rokiskiobaseinas.lt\/en\/wp-json\/wp\/v2\/media?parent=1948"}],"curies":[{"name":"wp","href":"https:\/\/api.w.org\/{rel}","templated":true}]}}