{"id":2660,"date":"2025-07-29T05:21:13","date_gmt":"2025-07-29T05:21:13","guid":{"rendered":"https:\/\/www.rokiskiobaseinas.lt\/?page_id=2660"},"modified":"2025-07-29T07:53:41","modified_gmt":"2025-07-29T07:53:41","slug":"atviri-duomenys","status":"publish","type":"page","link":"https:\/\/www.rokiskiobaseinas.lt\/lt_lt\/atviri-duomenys\/","title":{"rendered":"Atviri duomenys"},"content":{"rendered":"\n<p><strong>Atviri duomenys<\/strong>\u00a0\u2013 tai laisvai prieinami institucijos veikloje ar dokumentuose u\u017efiksuoti duomenys, informacija ar jos dalis, nepaisant j\u0173 pateikimo b\u016bdo, formos ir laikmenos, \u012fskaitant registro duomenis, registro informacij\u0105, registrui pateikt\u0173 dokument\u0173 ir (arba) j\u0173 kopij\u0173 duomenis, valstyb\u0117s informacin\u0117s sistemos duomenis, kuriuos visi asmenys gali pakartotinai naudoti ir platinti bet kokiu tikslu, nurodydami j\u0173 \u0161altin\u012f ir tik tomis pa\u010diomis s\u0105lygomis, kuriomis buvo gauti.<\/p>\n\n\n\n<p>Visi \u0161alies atviri duomenys yra skelbiami\u00a0<a href=\"https:\/\/data.gov.lt\/\">Lietuvos atvir\u0173 duomen\u0173 portale<\/a>.<\/p>\n\n\n\n<p><\/p>\n\n\n\n<p><\/p>\n","protected":false},"excerpt":{"rendered":"<p>Atviri duomenys\u00a0\u2013 tai laisvai prieinami institucijos veikloje ar dokumentuose u\u017efiksuoti duomenys, informacija ar jos dalis, nepaisant j\u0173 pateikimo b\u016bdo, formos ir laikmenos, \u012fskaitant registro duomenis, registro informacij\u0105, registrui pateikt\u0173 dokument\u0173 ir (arba) j\u0173 kopij\u0173 duomenis, valstyb\u0117s informacin\u0117s sistemos duomenis, kuriuos visi asmenys gali pakartotinai naudoti ir platinti bet kokiu tikslu, nurodydami j\u0173 \u0161altin\u012f ir tik [&hellip;]<\/p>\n","protected":false},"author":990002,"featured_media":0,"parent":0,"menu_order":0,"comment_status":"closed","ping_status":"closed","template":"","meta":{"inline_featured_image":false,"footnotes":""},"class_list":["post-2660","page","type-page","status-publish","hentry"],"_links":{"self":[{"href":"https:\/\/www.rokiskiobaseinas.lt\/lt_lt\/wp-json\/wp\/v2\/pages\/2660","targetHints":{"allow":["GET"]}}],"collection":[{"href":"https:\/\/www.rokiskiobaseinas.lt\/lt_lt\/wp-json\/wp\/v2\/pages"}],"about":[{"href":"https:\/\/www.rokiskiobaseinas.lt\/lt_lt\/wp-json\/wp\/v2\/types\/page"}],"author":[{"embeddable":true,"href":"https:\/\/www.rokiskiobaseinas.lt\/lt_lt\/wp-json\/wp\/v2\/users\/990002"}],"replies":[{"embeddable":true,"href":"https:\/\/www.rokiskiobaseinas.lt\/lt_lt\/wp-json\/wp\/v2\/comments?post=2660"}],"version-history":[{"count":4,"href":"https:\/\/www.rokiskiobaseinas.lt\/lt_lt\/wp-json\/wp\/v2\/pages\/2660\/revisions"}],"predecessor-version":[{"id":2671,"href":"https:\/\/www.rokiskiobaseinas.lt\/lt_lt\/wp-json\/wp\/v2\/pages\/2660\/revisions\/2671"}],"wp:attachment":[{"href":"https:\/\/www.rokiskiobaseinas.lt\/lt_lt\/wp-json\/wp\/v2\/media?parent=2660"}],"curies":[{"name":"wp","href":"https:\/\/api.w.org\/{rel}","templated":true}]}}