{"id":478,"date":"2016-07-20T09:55:07","date_gmt":"2016-07-20T09:55:07","guid":{"rendered":"https:\/\/www.rokiskiobaseinas.lt\/?page_id=478"},"modified":"2023-03-06T10:04:01","modified_gmt":"2023-03-06T10:04:01","slug":"baseinas","status":"publish","type":"page","link":"https:\/\/www.rokiskiobaseinas.lt\/lt_lt\/baseinas\/","title":{"rendered":"Baseinas"},"content":{"rendered":"<section class=\"wpb-content-wrapper\"><div class=\"vc_row wpb_row vc_row-fluid\"><div class=\"wpb_column vc_column_container vc_col-sm-6\"><div class=\"vc_column-inner\"><div class=\"wpb_wrapper\">\n\t<div class=\"wpb_text_column wpb_content_element \" >\n\t\t<div class=\"wpb_wrapper\">\n\t\t\t<p>Plaukimo baseinas &#8211; tai 25 m. ilgio baseinas, kuriame \u012frengti 4 plaukimo takai, o j\u0173 gylis nuo 1,2 m., iki 2 m. Puikiai tinka m\u0117gstantiems plaukioti, mank\u0161tintis, pramogauti vandenyje, mokyti vaikus plaukti.Baseino vanduo padeda atsipalaiduoti, atsikratyti streso, \u012fgyti atsparum\u0105 ligoms. Anot medik\u0173, \u017emogus, kuris du kartus per savait\u0119 apsilanko baseine, tampa darbingesnis, energingesnis, nesiskund\u017eia nervingumu, greit\u0117ja jo kraujo, med\u017eiag\u0173 apykaita. Vandens proced\u016bros baseine padeda i\u0161vengti antsvorio problem\u0173, gr\u016bdina organizm\u0105.<\/p>\n\n\t\t<\/div>\n\t<\/div>\n<\/div><\/div><\/div><div class=\"wpb_column vc_column_container vc_col-sm-6\"><div class=\"vc_column-inner\"><div class=\"wpb_wrapper\">\n\t<div  class=\"wpb_single_image wpb_content_element vc_align_center  wpb_animate_when_almost_visible wpb_bounceInRight bounceInRight\">\n\t\t\n\t\t<figure class=\"wpb_wrapper vc_figure\">\n\t\t\t<div class=\"vc_single_image-wrapper vc_box_border  vc_box_border_grey\"><img loading=\"lazy\" decoding=\"async\" width=\"1024\" height=\"683\" src=\"https:\/\/www.rokiskiobaseinas.lt\/wp-content\/uploads\/2023\/03\/DSC5658-1024x683.jpg\" class=\"vc_single_image-img attachment-large\" alt=\"\" title=\"_DSC5658\" srcset=\"https:\/\/www.rokiskiobaseinas.lt\/wp-content\/uploads\/2023\/03\/DSC5658-1024x683.jpg 1024w, https:\/\/www.rokiskiobaseinas.lt\/wp-content\/uploads\/2023\/03\/DSC5658-300x200.jpg 300w, https:\/\/www.rokiskiobaseinas.lt\/wp-content\/uploads\/2023\/03\/DSC5658-768x512.jpg 768w, https:\/\/www.rokiskiobaseinas.lt\/wp-content\/uploads\/2023\/03\/DSC5658-1536x1024.jpg 1536w, https:\/\/www.rokiskiobaseinas.lt\/wp-content\/uploads\/2023\/03\/DSC5658-2048x1365.jpg 2048w\" sizes=\"auto, (max-width: 1024px) 100vw, 1024px\" \/><\/div>\n\t\t<\/figure>\n\t<\/div>\n<\/div><\/div><\/div><\/div><div class=\"vc_row wpb_row vc_row-fluid\"><div class=\"wpb_column vc_column_container vc_col-sm-6\"><div class=\"vc_column-inner\"><div class=\"wpb_wrapper\">\n\t<div  class=\"wpb_single_image wpb_content_element vc_align_left\">\n\t\t\n\t\t<figure class=\"wpb_wrapper vc_figure\">\n\t\t\t<div class=\"vc_single_image-wrapper   vc_box_border_grey\"><img loading=\"lazy\" decoding=\"async\" width=\"1024\" height=\"683\" src=\"https:\/\/www.rokiskiobaseinas.lt\/wp-content\/uploads\/2023\/03\/DSC5661-1024x683.jpg\" class=\"vc_single_image-img attachment-large\" alt=\"\" title=\"_DSC5661\" srcset=\"https:\/\/www.rokiskiobaseinas.lt\/wp-content\/uploads\/2023\/03\/DSC5661-1024x683.jpg 1024w, https:\/\/www.rokiskiobaseinas.lt\/wp-content\/uploads\/2023\/03\/DSC5661-300x200.jpg 300w, https:\/\/www.rokiskiobaseinas.lt\/wp-content\/uploads\/2023\/03\/DSC5661-768x512.jpg 768w, https:\/\/www.rokiskiobaseinas.lt\/wp-content\/uploads\/2023\/03\/DSC5661-1536x1024.jpg 1536w, https:\/\/www.rokiskiobaseinas.lt\/wp-content\/uploads\/2023\/03\/DSC5661-2048x1365.jpg 2048w\" sizes=\"auto, (max-width: 1024px) 100vw, 1024px\" \/><\/div>\n\t\t<\/figure>\n\t<\/div>\n<\/div><\/div><\/div><div class=\"wpb_column vc_column_container vc_col-sm-6\"><div class=\"vc_column-inner\"><div class=\"wpb_wrapper\">\n\t<div class=\"wpb_text_column wpb_content_element \" >\n\t\t<div class=\"wpb_wrapper\">\n\t\t\t<p>Nors i\u0161mokti plaukti niekada nev\u0117lu, geriausia plaukimo pagrindus gauti kuo anks\u010diau. Plaukimas yra ne tik maloni sporto \u0161aka, bet ir b\u016btinas i\u0161gyvenimo \u012fg\u016bdis. Lietuvos gyventojai m\u0117gsta leisti savo laisvalaik\u012f prie upi\u0173, e\u017eer\u0173, Baltijos j\u016bros. O nemokant plaukti, net ir buvimas \u0161alia vandens telkini\u0173 kelia pavoj\u0173 gyvybei, apie kur\u012f nesusim\u0105stome. Pasaulio sveikatos organizacija laikosi pozicijos, kad mokytis plaukti reikia prad\u0117ti mokykliniame am\u017eiuje. \u012e basein\u0105 \u017emon\u0117s ateina ne tik d\u0117l plaukiojimo, bet ir d\u0117l mank\u0161t\u0173, akvaaerobikos, \u017eaidybini\u0173 u\u017esi\u0117mim\u0173. Plaukimo treniruotes pasirink\u0119 jaunuoliai, plaukimo \u012fg\u016bd\u017eius tobulina kasdien. Moksliniais tyrimais yra nustatyta, kad plaukimas turi naud\u0105 \u012fvairioms m\u016bs\u0173 organizmo sistemoms. Plaukimas stiprina atramos \u2013 jud\u0117jimo aparat\u0105, viso k\u016bno raumenyn\u0105, padeda lavinti taisykling\u0105 laikysen\u0105. Tuo pat metu s\u0105nariai ir stuburas apsaugomi nuo per didel\u0117s apkrovos, kuri patiriame mank\u0161tinantis sausumoje.<\/p>\n\n\t\t<\/div>\n\t<\/div>\n\n\t<div class=\"wpb_text_column wpb_content_element \" >\n\t\t<div class=\"wpb_wrapper\">\n\t\t\t\n\t\t<\/div>\n\t<\/div>\n<\/div><\/div><\/div><\/div><div class=\"vc_row wpb_row vc_row-fluid\"><div class=\"wpb_column vc_column_container vc_col-sm-6\"><div class=\"vc_column-inner\"><div class=\"wpb_wrapper\">\n\t<div class=\"wpb_text_column wpb_content_element \" >\n\t\t<div class=\"wpb_wrapper\">\n\t\t\t\n\t\t<\/div>\n\t<\/div>\n\n\t<div class=\"wpb_text_column wpb_content_element \" >\n\t\t<div class=\"wpb_wrapper\">\n\t\t\t<div class=\"content__container\" style=\"text-align: right;\">\n<div class=\"content__text\">\n<p>\u00a0Kitaip negu jud\u0117damas sausumoje, \u017emogus vandenyje plaukia horizontalioje pad\u0117tyje. Tod\u0117l kraujas lengviau teka kraujagysl\u0117mis, ger\u0117ja kraujotaka gal\u016bn\u0117se. I\u0161orinis vandens sl\u0117gis aktyvina kraujotakos sistemos veikl\u0105 ir gerina kraujo sugr\u012f\u017eim\u0105 \u012f \u0161ird\u012f. Reguliariai plaukiojant stipr\u0117ja \u0161irdies raumeninis audinys, did\u0117ja jos t\u016bris, o darbas tampa ekonomi\u0161kesnis. \u0160ie \u0161irdies ir kraujagysli\u0173 sistemos poky\u010diai stiprina sveikat\u0105, atitolina sen\u0117jimo procesus. Plaukiojant kv\u0117pavimas yra sud\u0117tingesnis negu normaliomis s\u0105lygomis. Vandens sl\u0117gis sunkina \u012fkv\u0117pim\u0105, ta\u010diau skatina gil\u0173 i\u0161kv\u0117pim\u0105. Visa tai stimuliuoja kv\u0117pavimo sistemos vystym\u0105si \u2013 stipr\u0117ja kr\u016btin\u0117s l\u0105stos raumenys, did\u0117ja kr\u016btin\u0117s l\u0105stos paslankumas ir gyvybin\u0117 plau\u010di\u0173 talpa.<\/p>\n<\/div>\n<\/div>\n\n\t\t<\/div>\n\t<\/div>\n<\/div><\/div><\/div><div class=\"wpb_column vc_column_container vc_col-sm-6\"><div class=\"vc_column-inner\"><div class=\"wpb_wrapper\">\n\t<div  class=\"wpb_single_image wpb_content_element vc_align_left\">\n\t\t\n\t\t<figure class=\"wpb_wrapper vc_figure\">\n\t\t\t<div class=\"vc_single_image-wrapper   vc_box_border_grey\"><img loading=\"lazy\" decoding=\"async\" width=\"1024\" height=\"683\" src=\"https:\/\/www.rokiskiobaseinas.lt\/wp-content\/uploads\/2023\/03\/DSC5652-1024x683.jpg\" class=\"vc_single_image-img attachment-large\" alt=\"\" title=\"_DSC5652\" srcset=\"https:\/\/www.rokiskiobaseinas.lt\/wp-content\/uploads\/2023\/03\/DSC5652-1024x683.jpg 1024w, https:\/\/www.rokiskiobaseinas.lt\/wp-content\/uploads\/2023\/03\/DSC5652-300x200.jpg 300w, https:\/\/www.rokiskiobaseinas.lt\/wp-content\/uploads\/2023\/03\/DSC5652-768x512.jpg 768w, https:\/\/www.rokiskiobaseinas.lt\/wp-content\/uploads\/2023\/03\/DSC5652-1536x1024.jpg 1536w, https:\/\/www.rokiskiobaseinas.lt\/wp-content\/uploads\/2023\/03\/DSC5652-2048x1365.jpg 2048w\" sizes=\"auto, (max-width: 1024px) 100vw, 1024px\" \/><\/div>\n\t\t<\/figure>\n\t<\/div>\n<\/div><\/div><\/div><\/div>\n<\/section>","protected":false},"excerpt":{"rendered":"Plaukimo baseinas - tai 25 m. ilgio baseinas, kuriame \u012frengti 4 plaukimo takai, o j\u0173 gylis nuo 1,2 m., iki 2 m. Puikiai tinka m\u0117gstantiems plaukioti, mank\u0161tintis, pramogauti vandenyje, mokyti vaikus plaukti.Baseino vanduo padeda atsipalaiduoti, atsikratyti streso, \u012fgyti atsparum\u0105 ligoms. Anot medik\u0173, \u017emogus, kuris du kartus per savait\u0119 apsilanko baseine, tampa darbingesnis, energingesnis, nesiskund\u017eia nervingumu, [...]","protected":false},"author":1,"featured_media":0,"parent":0,"menu_order":0,"comment_status":"closed","ping_status":"closed","template":"","meta":{"inline_featured_image":false,"footnotes":""},"class_list":["post-478","page","type-page","status-publish","hentry"],"_links":{"self":[{"href":"https:\/\/www.rokiskiobaseinas.lt\/lt_lt\/wp-json\/wp\/v2\/pages\/478","targetHints":{"allow":["GET"]}}],"collection":[{"href":"https:\/\/www.rokiskiobaseinas.lt\/lt_lt\/wp-json\/wp\/v2\/pages"}],"about":[{"href":"https:\/\/www.rokiskiobaseinas.lt\/lt_lt\/wp-json\/wp\/v2\/types\/page"}],"author":[{"embeddable":true,"href":"https:\/\/www.rokiskiobaseinas.lt\/lt_lt\/wp-json\/wp\/v2\/users\/1"}],"replies":[{"embeddable":true,"href":"https:\/\/www.rokiskiobaseinas.lt\/lt_lt\/wp-json\/wp\/v2\/comments?post=478"}],"version-history":[{"count":10,"href":"https:\/\/www.rokiskiobaseinas.lt\/lt_lt\/wp-json\/wp\/v2\/pages\/478\/revisions"}],"predecessor-version":[{"id":1959,"href":"https:\/\/www.rokiskiobaseinas.lt\/lt_lt\/wp-json\/wp\/v2\/pages\/478\/revisions\/1959"}],"wp:attachment":[{"href":"https:\/\/www.rokiskiobaseinas.lt\/lt_lt\/wp-json\/wp\/v2\/media?parent=478"}],"curies":[{"name":"wp","href":"https:\/\/api.w.org\/{rel}","templated":true}]}}